{"id":24,"date":"2025-05-04T02:39:21","date_gmt":"2025-05-04T02:39:21","guid":{"rendered":"https:\/\/marchashipping.com\/?page_id=24"},"modified":"2025-05-04T02:41:04","modified_gmt":"2025-05-04T02:41:04","slug":"24-2","status":"publish","type":"page","link":"https:\/\/marchashipping.com\/","title":{"rendered":""},"content":{"rendered":"\n<!DOCTYPE html>\n<html lang=\"es\">\n<head>\n  <meta charset=\"UTF-8\">\n  <meta name=\"viewport\" content=\"width=device-width, initial-scale=1.0\">\n  <title>Marcha Shipping<\/title>\n  <style>\n    body {\n      font-family: Arial, sans-serif;\n      margin: 0;\n      background-color: #f3f6f9;\n    }\n    header {\n      background-color: #ffffff;\n      padding: 1rem;\n      box-shadow: 0 2px 4px rgba(0,0,0,0.1);\n      text-align: center;\n      font-size: 1.5rem;\n      font-weight: bold;\n    }\n    main {\n      max-width: 600px;\n      margin: 2rem auto;\n      background-color: #fff;\n      padding: 2rem;\n      border-radius: 12px;\n      box-shadow: 0 2px 10px rgba(0, 0, 0, 0.08);\n    }\n    .logo {\n      font-size: 2rem;\n      margin-bottom: 1rem;\n    }\n    .logo span {\n      font-size: 2rem;\n      margin-right: 0.5rem;\n    }\n    h2 {\n      font-size: 1.2rem;\n      font-weight: 400;\n      color: #555;\n      margin-top: 0;\n    }\n    ul {\n      list-style: none;\n      padding-left: 0;\n      line-height: 1.8;\n      margin: 1rem 0;\n    }\n    li span {\n      margin-right: 0.5rem;\n    }\n    .whatsapp-button {\n      background-color: #25d366;\n      color: white;\n      padding: 1rem;\n      text-align: center;\n      border-radius: 8px;\n      text-decoration: none;\n      display: inline-block;\n      font-weight: bold;\n      font-size: 1rem;\n      margin-top: 1.5rem;\n    }\n    .whatsapp-button:hover {\n      background-color: #1ebd5a;\n    }\n    .center {\n      text-align: center;\n    }\n  <\/style>\n<\/head>\n<body>\n  <header>Marcha Shipping<\/header>\n  <main class=\"center\">\n    <div class=\"logo\">\n      <span>\ud83d\udce6<\/span> <strong>Marcha Shipping<\/strong>\n    <\/div>\n    <h2>Con m\u00e1s de 10 a\u00f1os de experiencia en env\u00edos confiables y r\u00e1pidos.<\/h2>\n    <p>Atendemos en Greensboro, Carolina del Norte y sus alrededores.<\/p>\n\n    <h3>Especialistas en env\u00edos a:<\/h3>\n    <ul>\n      <li><span>\ud83c\uddec\ud83c\uddf9<\/span> Guatemala<\/li>\n      <li><span>\ud83c\uddf8\ud83c\uddfb<\/span> El Salvador<\/li>\n      <li><span>\ud83c\udded\ud83c\uddf3<\/span> Honduras<\/li>\n      <li><span>\ud83c\uddf3\ud83c\uddf4<\/span> Nicaragua<\/li>\n      <li><span>\ud83c\uddf2\ud83c\uddfd<\/span> M\u00e9xico<\/li>\n    <\/ul>\n\n    <p>Cont\u00e1ctanos por WhatsApp para saber precios.<\/p>\n\n    <a class=\"whatsapp-button\" href=\"https:\/\/wa.me\/13369650291\" target=\"_blank\">\ud83d\udcf1 Enviar mensaje por WhatsApp\n    <\/a>\n  <\/main>\n<\/body>\n<\/html>\n\n","protected":false},"excerpt":{"rendered":"<p>Marcha Shipping Marcha Shipping \ud83d\udce6 Marcha Shipping Con m\u00e1s de 10 a\u00f1os de experiencia en env\u00edos confiables y r\u00e1pidos. Atendemos en Greensboro, Carolina del Norte y sus alrededores. Especialistas en env\u00edos a: \ud83c\uddec\ud83c\uddf9 Guatemala \ud83c\uddf8\ud83c\uddfb El Salvador \ud83c\udded\ud83c\uddf3 Honduras \ud83c\uddf3\ud83c\uddf4 Nicaragua \ud83c\uddf2\ud83c\uddfd M\u00e9xico Cont\u00e1ctanos por WhatsApp para saber precios. \ud83d\udcf1 Enviar mensaje por WhatsApp<\/p>\n","protected":false},"author":1,"featured_media":0,"parent":0,"menu_order":0,"comment_status":"closed","ping_status":"closed","template":"","meta":{"_kad_post_transparent":"","_kad_post_title":"","_kad_post_layout":"","_kad_post_sidebar_id":"","_kad_post_content_style":"","_kad_post_vertical_padding":"","_kad_post_feature":"","_kad_post_feature_position":"","_kad_post_header":false,"_kad_post_footer":false,"footnotes":""},"class_list":["post-24","page","type-page","status-publish","hentry"],"yoast_head":"<!-- This site is optimized with the Yoast SEO plugin v25.0 - https:\/\/yoast.com\/wordpress\/plugins\/seo\/ -->\n<title>- Marcha Shipping<\/title>\n<meta name=\"robots\" content=\"index, follow, max-snippet:-1, max-image-preview:large, max-video-preview:-1\" \/>\n<link rel=\"canonical\" href=\"http:\/\/marchashipping.com\/\" \/>\n<meta property=\"og:locale\" content=\"en_US\" \/>\n<meta property=\"og:type\" content=\"article\" \/>\n<meta property=\"og:title\" content=\"- Marcha Shipping\" \/>\n<meta property=\"og:description\" content=\"Marcha Shipping Marcha Shipping \ud83d\udce6 Marcha Shipping Con m\u00e1s de 10 a\u00f1os de experiencia en env\u00edos confiables y r\u00e1pidos. Atendemos en Greensboro, Carolina del Norte y sus alrededores. Especialistas en env\u00edos a: \ud83c\uddec\ud83c\uddf9 Guatemala \ud83c\uddf8\ud83c\uddfb El Salvador \ud83c\udded\ud83c\uddf3 Honduras \ud83c\uddf3\ud83c\uddf4 Nicaragua \ud83c\uddf2\ud83c\uddfd M\u00e9xico Cont\u00e1ctanos por WhatsApp para saber precios. \ud83d\udcf1 Enviar mensaje por WhatsApp\" \/>\n<meta property=\"og:url\" content=\"http:\/\/marchashipping.com\/\" \/>\n<meta property=\"og:site_name\" content=\"Marcha Shipping\" \/>\n<meta property=\"article:modified_time\" content=\"2025-05-04T02:41:04+00:00\" \/>\n<meta name=\"twitter:card\" content=\"summary_large_image\" \/>\n<meta name=\"twitter:label1\" content=\"Est. reading time\" \/>\n\t<meta name=\"twitter:data1\" content=\"1 minute\" \/>\n<script type=\"application\/ld+json\" class=\"yoast-schema-graph\">{\"@context\":\"https:\/\/schema.org\",\"@graph\":[{\"@type\":\"WebPage\",\"@id\":\"http:\/\/marchashipping.com\/\",\"url\":\"http:\/\/marchashipping.com\/\",\"name\":\"- Marcha Shipping\",\"isPartOf\":{\"@id\":\"http:\/\/marchashipping.com\/#website\"},\"datePublished\":\"2025-05-04T02:39:21+00:00\",\"dateModified\":\"2025-05-04T02:41:04+00:00\",\"inLanguage\":\"en-US\",\"potentialAction\":[{\"@type\":\"ReadAction\",\"target\":[\"http:\/\/marchashipping.com\/\"]}]},{\"@type\":\"WebSite\",\"@id\":\"http:\/\/marchashipping.com\/#website\",\"url\":\"http:\/\/marchashipping.com\/\",\"name\":\"Marcha Shipping\",\"description\":\"Env\u00edos confiables desde Greensboro, NC\",\"potentialAction\":[{\"@type\":\"SearchAction\",\"target\":{\"@type\":\"EntryPoint\",\"urlTemplate\":\"http:\/\/marchashipping.com\/?s={search_term_string}\"},\"query-input\":{\"@type\":\"PropertyValueSpecification\",\"valueRequired\":true,\"valueName\":\"search_term_string\"}}],\"inLanguage\":\"en-US\"}]}<\/script>\n<!-- \/ Yoast SEO plugin. -->","yoast_head_json":{"title":"- Marcha Shipping","robots":{"index":"index","follow":"follow","max-snippet":"max-snippet:-1","max-image-preview":"max-image-preview:large","max-video-preview":"max-video-preview:-1"},"canonical":"http:\/\/marchashipping.com\/","og_locale":"en_US","og_type":"article","og_title":"- Marcha Shipping","og_description":"Marcha Shipping Marcha Shipping \ud83d\udce6 Marcha Shipping Con m\u00e1s de 10 a\u00f1os de experiencia en env\u00edos confiables y r\u00e1pidos. Atendemos en Greensboro, Carolina del Norte y sus alrededores. Especialistas en env\u00edos a: \ud83c\uddec\ud83c\uddf9 Guatemala \ud83c\uddf8\ud83c\uddfb El Salvador \ud83c\udded\ud83c\uddf3 Honduras \ud83c\uddf3\ud83c\uddf4 Nicaragua \ud83c\uddf2\ud83c\uddfd M\u00e9xico Cont\u00e1ctanos por WhatsApp para saber precios. \ud83d\udcf1 Enviar mensaje por WhatsApp","og_url":"http:\/\/marchashipping.com\/","og_site_name":"Marcha Shipping","article_modified_time":"2025-05-04T02:41:04+00:00","twitter_card":"summary_large_image","twitter_misc":{"Est. reading time":"1 minute"},"schema":{"@context":"https:\/\/schema.org","@graph":[{"@type":"WebPage","@id":"http:\/\/marchashipping.com\/","url":"http:\/\/marchashipping.com\/","name":"- Marcha Shipping","isPartOf":{"@id":"http:\/\/marchashipping.com\/#website"},"datePublished":"2025-05-04T02:39:21+00:00","dateModified":"2025-05-04T02:41:04+00:00","inLanguage":"en-US","potentialAction":[{"@type":"ReadAction","target":["http:\/\/marchashipping.com\/"]}]},{"@type":"WebSite","@id":"http:\/\/marchashipping.com\/#website","url":"http:\/\/marchashipping.com\/","name":"Marcha Shipping","description":"Env\u00edos confiables desde Greensboro, NC","potentialAction":[{"@type":"SearchAction","target":{"@type":"EntryPoint","urlTemplate":"http:\/\/marchashipping.com\/?s={search_term_string}"},"query-input":{"@type":"PropertyValueSpecification","valueRequired":true,"valueName":"search_term_string"}}],"inLanguage":"en-US"}]}},"_links":{"self":[{"href":"https:\/\/marchashipping.com\/index.php?rest_route=\/wp\/v2\/pages\/24","targetHints":{"allow":["GET"]}}],"collection":[{"href":"https:\/\/marchashipping.com\/index.php?rest_route=\/wp\/v2\/pages"}],"about":[{"href":"https:\/\/marchashipping.com\/index.php?rest_route=\/wp\/v2\/types\/page"}],"author":[{"embeddable":true,"href":"https:\/\/marchashipping.com\/index.php?rest_route=\/wp\/v2\/users\/1"}],"replies":[{"embeddable":true,"href":"https:\/\/marchashipping.com\/index.php?rest_route=%2Fwp%2Fv2%2Fcomments&post=24"}],"version-history":[{"count":2,"href":"https:\/\/marchashipping.com\/index.php?rest_route=\/wp\/v2\/pages\/24\/revisions"}],"predecessor-version":[{"id":26,"href":"https:\/\/marchashipping.com\/index.php?rest_route=\/wp\/v2\/pages\/24\/revisions\/26"}],"wp:attachment":[{"href":"https:\/\/marchashipping.com\/index.php?rest_route=%2Fwp%2Fv2%2Fmedia&parent=24"}],"curies":[{"name":"wp","href":"https:\/\/api.w.org\/{rel}","templated":true}]}}